{"id":10,"date":"2018-08-06T13:52:42","date_gmt":"2018-08-06T11:52:42","guid":{"rendered":"https:\/\/mr.ilu0x17.de\/?page_id=10"},"modified":"2022-01-30T21:57:38","modified_gmt":"2022-01-30T20:57:38","slug":"startseite","status":"publish","type":"page","link":"https:\/\/monika-rosenberger.de\/","title":{"rendered":"malerei und mixed media"},"content":{"rendered":"\n<p><strong>inMotion<\/strong> ist der Titel einer Ausstellung von Monika Rosenberger. \u201einMotion\u201c hei\u00dft w\u00f6rtlich \u00fcbersetzt in Bewegung sein, also nicht stillstehen, weitergehen, weitersuchen&#8230; Ein wunderbarer Titel f\u00fcr die Kunst von Monika Rosenberger, aber auch f\u00fcr die K\u00fcnstlerin Monika Rosenberger, denn das eine ist von anderen, wie immer, nicht zu trennen. Die Titel ihrer Einzelausstellungen in den letzten Jahren sind ganz \u00e4hnlicher Natur: unterwegs, Passage, ZeitReise, weite:wege und jetzt inMotion. Monika Rosenberger macht sich auf den Weg, immer wieder und scheut sich nicht auch neue Wege, technisch, inhaltlich und materialm\u00e4\u00dfig zu gehen. Sie ist in Motion.<\/p>\n\n\n\n<p>Es gibt ein wunderbares Bild von Paul Gauguin von 1897 mit dem Titel \u201eWoher kommen wir ? Wer sind wir ? Wohin gehen wir ? Auch f\u00fcr Monika Rosenberger geh\u00f6rt diese Frage immer schon zu ihrer Kunst und das Leben in seiner Endlichkeit ist ein Weg, der immer weitergegangen werden muss. Deshalb tauchen in ihrer Kunst konstant Boote und Fu\u00dfspuren, Fragmente antiker Bauten und andere Symbole auf, die Sinnbild f\u00fcr diesen Weg sind, f\u00fcr die Spuren, welche die Geschichte hinterlassen haben, f\u00fcr die Spuren, die wir selber hinterlassen und f\u00fcr das grunds\u00e4tzliche Kommen und Gehen im Leben eines Menschen.<\/p>\n\n\n\n<p>Monika Rosenberger geht viele Wege in ihrer Kunst und doch ist ihre Handschrift wiedererkennbar. Sie sagt selbst von sich, dass sie experimentierfreudig ist und im prozesshaften Tun ihre Kunst weiterentwickelt. Dabei benutzt sie in vielen Bildern eine Mischtechnik, die aus Malerei, Zeichnung, Druck und Fototransfer besteht. In ihren neuesten Werken geht Monika Rosenberger technisch und materialm\u00e4\u00dfig wieder neue Wege. Sie arbeitet auf Acrylglas, Glas und Alu Dibond.<\/p>\n\n\n\n<p>Z\u00e4une, Boote, Menschen, Fu\u00dfspuren, Ruder, Hochspannungsleitungen, H\u00e4user. All diese Motive treten aber nur schemenhaft in Erscheinung, sie zeigen keine Dauer im Bild, fordern keine unverg\u00e4ngliche Pr\u00e4senz, sondern sind nur vage angedeutete Ahnungen, die zwar identifizierbar sind, die jedoch nicht unsere Wahrnehmung vom Bild bestimmen.<\/p>\n\n\n\n<p>Der K\u00fcnstlerin ist eigen, dass sie einen thematischen Ernst hat, das hei\u00dft grunds\u00e4tzliche Fragen \u00fcber die Existenz des Menschen, \u00fcber ihre Verortung, \u00fcber ihr Dasein und ihre Auseinandersetzung mit der Welt stellt und es dennoch durch Material und komplexe Mischtechnik, durch Zusammensetzung und Duktus schafft, etwas Spielerisches, Leichtes, etwas \u00dcberraschendes in ihre Kunst hineinzubringen\u201c.<\/p>\n\n\n\n<p><em>Ausz\u00fcge aus einer Einf\u00fchrungsrede von Dr. Ulrike Niederhofer, \u00dcberlingen<br>Ausstellung \u00bbinMotion\u00ab in der St\u00e4dt. Galerie + Museum in Engen, am<br>15.11.2018.<\/em><\/p>\n","protected":false},"excerpt":{"rendered":"<p>inMotion ist der Titel einer Ausstellung von Monika Rosenberger. \u201einMotion\u201c hei\u00dft w\u00f6rtlich \u00fcbersetzt in Bewegung sein, also nicht stillstehen, weitergehen, weitersuchen&#8230; Ein wunderbarer Titel f\u00fcr die Kunst von Monika Rosenberger, &hellip; <\/p>\n<p class=\"link-more\"><a href=\"https:\/\/monika-rosenberger.de\/\" class=\"more-link\"><span class=\"screen-reader-text\">\u201emalerei und mixed media\u201c <\/span>weiterlesen<\/a><\/p>\n","protected":false},"author":2,"featured_media":263,"parent":0,"menu_order":0,"comment_status":"closed","ping_status":"closed","template":"","meta":{"_EventAllDay":false,"_EventTimezone":"","_EventStartDate":"","_EventEndDate":"","_EventStartDateUTC":"","_EventEndDateUTC":"","_EventShowMap":false,"_EventShowMapLink":false,"_EventURL":"","_EventCost":"","_EventCostDescription":"","_EventCurrencySymbol":"","_EventCurrencyCode":"","_EventCurrencyPosition":"","_EventDateTimeSeparator":"","_EventTimeRangeSeparator":"","_EventOrganizerID":[],"_EventVenueID":[],"_OrganizerEmail":"","_OrganizerPhone":"","_OrganizerWebsite":"","_VenueAddress":"","_VenueCity":"","_VenueCountry":"","_VenueProvince":"","_VenueState":"","_VenueZip":"","_VenuePhone":"","_VenueURL":"","_VenueStateProvince":"","_VenueLat":"","_VenueLng":"","_VenueShowMap":false,"_VenueShowMapLink":false,"footnotes":""},"class_list":["post-10","page","type-page","status-publish","has-post-thumbnail","hentry"],"_links":{"self":[{"href":"https:\/\/monika-rosenberger.de\/index.php?rest_route=\/wp\/v2\/pages\/10","targetHints":{"allow":["GET"]}}],"collection":[{"href":"https:\/\/monika-rosenberger.de\/index.php?rest_route=\/wp\/v2\/pages"}],"about":[{"href":"https:\/\/monika-rosenberger.de\/index.php?rest_route=\/wp\/v2\/types\/page"}],"author":[{"embeddable":true,"href":"https:\/\/monika-rosenberger.de\/index.php?rest_route=\/wp\/v2\/users\/2"}],"replies":[{"embeddable":true,"href":"https:\/\/monika-rosenberger.de\/index.php?rest_route=%2Fwp%2Fv2%2Fcomments&post=10"}],"version-history":[{"count":12,"href":"https:\/\/monika-rosenberger.de\/index.php?rest_route=\/wp\/v2\/pages\/10\/revisions"}],"predecessor-version":[{"id":482,"href":"https:\/\/monika-rosenberger.de\/index.php?rest_route=\/wp\/v2\/pages\/10\/revisions\/482"}],"wp:featuredmedia":[{"embeddable":true,"href":"https:\/\/monika-rosenberger.de\/index.php?rest_route=\/wp\/v2\/media\/263"}],"wp:attachment":[{"href":"https:\/\/monika-rosenberger.de\/index.php?rest_route=%2Fwp%2Fv2%2Fmedia&parent=10"}],"curies":[{"name":"wp","href":"https:\/\/api.w.org\/{rel}","templated":true}]}}